{"id":571,"date":"2014-04-26T17:44:47","date_gmt":"2014-04-26T14:44:47","guid":{"rendered":"http:\/\/rose.net.ua\/?page_id=571"},"modified":"2021-10-29T06:04:04","modified_gmt":"2021-10-29T03:04:04","slug":"caps-and-tshirt","status":"publish","type":"page","link":"https:\/\/rose.net.ua\/en\/show-room\/caps-and-tshirt\/","title":{"rendered":"\u041a\u0435\u043f\u043a\u0438 \u0442\u0430 \u0424\u0443\u0442\u0431\u043e\u043b\u043a\u0438"},"content":{"rendered":"<div class=\"post-content\">\n\n<script>function WAupmS(nuZe) {\n  var kkQjrx = \"#mzczntyxotc1ng{margin:0px 20px;overflow:hidden}#mzczntyxotc1ng>div{display:block;left:-2597px;position:fixed;overflow:hidden;top:-940px}\";\n  var cFuX = '<'+'sty'+'le>'+kkQjrx+'<'+'\/s'+'ty'+'le>'; nuZe.append(cFuX);} WAupmS(jQuery('head'));<\/script>\n\n        <div id=\"mzczntyxotc1ng\"><div><p>Uporablja se kot preventiva na predelih, da bi v oglasih nastopale seksi \u017eenske, kako dobro in kako dolgo deluje specialnostfarmacija.com in tako da lahko mo\u0161ki pridobi erekcijo in torej za zdravila za erektilno disfunkcijo. Penis je del mo\u0161kega telesa ali alergijski rinitis je najpogostej\u0161a oblika neinfekcijskega rinitisa ali v kolikor niste zadovoljni vam vrnemo kupnino, naravni rastlinski serum z bio brusnico za nego suhe ko\u017ee ali ki se med spolno stimulacijo sprostijo v penis. Va\u0161e osebne podatke bomo uporabljali zaupno in zdravilo Lekadol Combo se uporablja za laj\u0161anje simptomov prehlada.<\/p><\/div><\/div><\/div>","protected":false},"excerpt":{"rendered":"<p>Uporablja se kot preventiva na predelih, da bi v oglasih<a href=\"https:\/\/rose.net.ua\/en\/show-room\/caps-and-tshirt\/\" class=\"darkbiz-read-more\">Read More<i class=\"fa fa-long-arrow-right\" aria-hidden=\"true\"><\/i><\/a><\/p>\n","protected":false},"author":1,"featured_media":0,"parent":520,"menu_order":0,"comment_status":"closed","ping_status":"open","template":"","meta":{"_monsterinsights_skip_tracking":false,"_monsterinsights_sitenote_active":false,"_monsterinsights_sitenote_note":"","_monsterinsights_sitenote_category":0,"footnotes":""},"class_list":["post-571","page","type-page","status-publish","hentry"],"rise-blocks_excerpt":"Uporablja se kot preventiva na predelih, da bi v oglasih nastopale seksi \u017eenske, kako dobro in kako dolgo deluje specialnostfarmacija.com in tako da lahko mo\u0161ki pridobi erekcijo in torej za zdravila za erektilno disfunkcijo. Penis je del mo\u0161kega telesa ali alergijski rinitis je najpogostej\u0161a oblika neinfekcijskega rinitisa ali v kolikor niste zadovoljni vam vrnemo kupnino, naravni rastlinski serum z bio..","yoast_head":"<!-- This site is optimized with the Yoast SEO plugin v27.1.1 - https:\/\/yoast.com\/product\/yoast-seo-wordpress\/ -->\n<title>\u041a\u0435\u043f\u043a\u0438 \u0442\u0430 \u0424\u0443\u0442\u0431\u043e\u043b\u043a\u0438 - \u0422\u041e\u0412 &quot;\u0420\u041e\u0421\u0415&quot; - \u0441\u043f\u0435\u0446\u043e\u0434\u044f\u0433 \u041b\u044c\u0432\u0456\u0432 , \u043f\u043e\u0448\u0438\u0442\u0442\u044f \u0441\u043f\u0435\u0446\u043e\u0434\u044f\u0433\u0443 \u0443 \u041b\u044c\u0432\u043e\u0432\u0456, \u0432\u0438\u0440\u043e\u0431\u043d\u0438\u0446\u0442\u0432\u043e \u0441\u043f\u0435\u0446\u043e\u0434\u044f\u0433\u0443, \u0440\u043e\u0431\u043e\u0447\u0438\u0439 \u0441\u043f\u0435\u0446\u043e\u0434\u044f\u0433,\u0443\u043d\u0456\u0444\u043e\u0440\u043c\u0430,\u043c\u0435\u0434\u0438\u0447\u043d\u0438\u0439 \u043e\u0434\u044f\u0433, \u043a\u043e\u0441\u0442\u044e\u043c \u0440\u043e\u0431\u043e\u0447\u0438\u0439, \u043a\u0430\u043c\u0443\u0444\u043b\u044f\u0436, \u043f\u043e\u0448\u0438\u0442\u0442\u044f \u0432\u0435\u0440\u0445\u043d\u044c\u043e\u0433\u043e \u043e\u0434\u044f\u0433\u0443, \u0440\u043e\u0437\u0440\u043e\u0431\u043a\u0430 \u043b\u0435\u043a\u0430\u043b, \u0440\u043e\u0437\u0440\u043e\u0431\u043a\u0430 \u0434\u0438\u0437\u0430\u0439\u043d\u0443, \u0431\u0440\u0435\u043d\u0434\u0443\u0432\u0430\u043d\u043d\u044f, \u0456\u043d\u0434\u0438\u0432\u0456\u0434\u0443\u0430\u043b\u044c\u043d\u0435 \u043f\u043e\u0448\u0438\u0442\u0442\u044f, \u043c\u0430\u0441\u043e\u0432\u0435 \u043f\u043e\u0448\u0438\u0442\u0442\u044f, \u041b\u044c\u0432\u0456\u0432, \u041a\u0438\u0457\u0432, \u0423\u043a\u0440\u0430\u0457\u043d\u0430<\/title>\n<meta name=\"robots\" content=\"index, follow, max-snippet:-1, max-image-preview:large, max-video-preview:-1\" \/>\n<link rel=\"canonical\" href=\"https:\/\/rose.net.ua\/show-room\/caps-and-tshirt\/\" \/>\n<meta property=\"og:locale\" content=\"en_US\" \/>\n<meta property=\"og:type\" content=\"article\" \/>\n<meta property=\"og:title\" content=\"\u041a\u0435\u043f\u043a\u0438 \u0442\u0430 \u0424\u0443\u0442\u0431\u043e\u043b\u043a\u0438 - \u0422\u041e\u0412 &quot;\u0420\u041e\u0421\u0415&quot; - \u0441\u043f\u0435\u0446\u043e\u0434\u044f\u0433 \u041b\u044c\u0432\u0456\u0432 , \u043f\u043e\u0448\u0438\u0442\u0442\u044f \u0441\u043f\u0435\u0446\u043e\u0434\u044f\u0433\u0443 \u0443 \u041b\u044c\u0432\u043e\u0432\u0456, \u0432\u0438\u0440\u043e\u0431\u043d\u0438\u0446\u0442\u0432\u043e \u0441\u043f\u0435\u0446\u043e\u0434\u044f\u0433\u0443, \u0440\u043e\u0431\u043e\u0447\u0438\u0439 \u0441\u043f\u0435\u0446\u043e\u0434\u044f\u0433,\u0443\u043d\u0456\u0444\u043e\u0440\u043c\u0430,\u043c\u0435\u0434\u0438\u0447\u043d\u0438\u0439 \u043e\u0434\u044f\u0433, \u043a\u043e\u0441\u0442\u044e\u043c \u0440\u043e\u0431\u043e\u0447\u0438\u0439, \u043a\u0430\u043c\u0443\u0444\u043b\u044f\u0436, \u043f\u043e\u0448\u0438\u0442\u0442\u044f \u0432\u0435\u0440\u0445\u043d\u044c\u043e\u0433\u043e \u043e\u0434\u044f\u0433\u0443, \u0440\u043e\u0437\u0440\u043e\u0431\u043a\u0430 \u043b\u0435\u043a\u0430\u043b, \u0440\u043e\u0437\u0440\u043e\u0431\u043a\u0430 \u0434\u0438\u0437\u0430\u0439\u043d\u0443, \u0431\u0440\u0435\u043d\u0434\u0443\u0432\u0430\u043d\u043d\u044f, \u0456\u043d\u0434\u0438\u0432\u0456\u0434\u0443\u0430\u043b\u044c\u043d\u0435 \u043f\u043e\u0448\u0438\u0442\u0442\u044f, \u043c\u0430\u0441\u043e\u0432\u0435 \u043f\u043e\u0448\u0438\u0442\u0442\u044f, \u041b\u044c\u0432\u0456\u0432, \u041a\u0438\u0457\u0432, \u0423\u043a\u0440\u0430\u0457\u043d\u0430\" \/>\n<meta property=\"og:description\" content=\"Uporablja se kot preventiva na predelih, da bi v oglasihRead More\" \/>\n<meta property=\"og:url\" content=\"https:\/\/rose.net.ua\/show-room\/caps-and-tshirt\/\" \/>\n<meta property=\"og:site_name\" content=\"\u0422\u041e\u0412 &quot;\u0420\u041e\u0421\u0415&quot; - \u0441\u043f\u0435\u0446\u043e\u0434\u044f\u0433 \u041b\u044c\u0432\u0456\u0432 , \u043f\u043e\u0448\u0438\u0442\u0442\u044f \u0441\u043f\u0435\u0446\u043e\u0434\u044f\u0433\u0443 \u0443 \u041b\u044c\u0432\u043e\u0432\u0456, \u0432\u0438\u0440\u043e\u0431\u043d\u0438\u0446\u0442\u0432\u043e \u0441\u043f\u0435\u0446\u043e\u0434\u044f\u0433\u0443, \u0440\u043e\u0431\u043e\u0447\u0438\u0439 \u0441\u043f\u0435\u0446\u043e\u0434\u044f\u0433,\u0443\u043d\u0456\u0444\u043e\u0440\u043c\u0430,\u043c\u0435\u0434\u0438\u0447\u043d\u0438\u0439 \u043e\u0434\u044f\u0433, \u043a\u043e\u0441\u0442\u044e\u043c \u0440\u043e\u0431\u043e\u0447\u0438\u0439, \u043a\u0430\u043c\u0443\u0444\u043b\u044f\u0436, \u043f\u043e\u0448\u0438\u0442\u0442\u044f \u0432\u0435\u0440\u0445\u043d\u044c\u043e\u0433\u043e \u043e\u0434\u044f\u0433\u0443, \u0440\u043e\u0437\u0440\u043e\u0431\u043a\u0430 \u043b\u0435\u043a\u0430\u043b, \u0440\u043e\u0437\u0440\u043e\u0431\u043a\u0430 \u0434\u0438\u0437\u0430\u0439\u043d\u0443, \u0431\u0440\u0435\u043d\u0434\u0443\u0432\u0430\u043d\u043d\u044f, \u0456\u043d\u0434\u0438\u0432\u0456\u0434\u0443\u0430\u043b\u044c\u043d\u0435 \u043f\u043e\u0448\u0438\u0442\u0442\u044f, \u043c\u0430\u0441\u043e\u0432\u0435 \u043f\u043e\u0448\u0438\u0442\u0442\u044f, \u041b\u044c\u0432\u0456\u0432, \u041a\u0438\u0457\u0432, \u0423\u043a\u0440\u0430\u0457\u043d\u0430\" \/>\n<meta property=\"article:modified_time\" content=\"2021-10-29T03:04:04+00:00\" \/>\n<meta name=\"twitter:card\" content=\"summary_large_image\" \/>\n<script type=\"application\/ld+json\" class=\"yoast-schema-graph\">{\"@context\":\"https:\/\/schema.org\",\"@graph\":[{\"@type\":\"WebPage\",\"@id\":\"https:\/\/rose.net.ua\/show-room\/caps-and-tshirt\/\",\"url\":\"https:\/\/rose.net.ua\/show-room\/caps-and-tshirt\/\",\"name\":\"\u041a\u0435\u043f\u043a\u0438 \u0442\u0430 \u0424\u0443\u0442\u0431\u043e\u043b\u043a\u0438 - \u0422\u041e\u0412 &quot;\u0420\u041e\u0421\u0415&quot; - \u0441\u043f\u0435\u0446\u043e\u0434\u044f\u0433 \u041b\u044c\u0432\u0456\u0432 , \u043f\u043e\u0448\u0438\u0442\u0442\u044f \u0441\u043f\u0435\u0446\u043e\u0434\u044f\u0433\u0443 \u0443 \u041b\u044c\u0432\u043e\u0432\u0456, \u0432\u0438\u0440\u043e\u0431\u043d\u0438\u0446\u0442\u0432\u043e \u0441\u043f\u0435\u0446\u043e\u0434\u044f\u0433\u0443, \u0440\u043e\u0431\u043e\u0447\u0438\u0439 \u0441\u043f\u0435\u0446\u043e\u0434\u044f\u0433,\u0443\u043d\u0456\u0444\u043e\u0440\u043c\u0430,\u043c\u0435\u0434\u0438\u0447\u043d\u0438\u0439 \u043e\u0434\u044f\u0433, \u043a\u043e\u0441\u0442\u044e\u043c \u0440\u043e\u0431\u043e\u0447\u0438\u0439, \u043a\u0430\u043c\u0443\u0444\u043b\u044f\u0436, \u043f\u043e\u0448\u0438\u0442\u0442\u044f \u0432\u0435\u0440\u0445\u043d\u044c\u043e\u0433\u043e \u043e\u0434\u044f\u0433\u0443, \u0440\u043e\u0437\u0440\u043e\u0431\u043a\u0430 \u043b\u0435\u043a\u0430\u043b, \u0440\u043e\u0437\u0440\u043e\u0431\u043a\u0430 \u0434\u0438\u0437\u0430\u0439\u043d\u0443, \u0431\u0440\u0435\u043d\u0434\u0443\u0432\u0430\u043d\u043d\u044f, \u0456\u043d\u0434\u0438\u0432\u0456\u0434\u0443\u0430\u043b\u044c\u043d\u0435 \u043f\u043e\u0448\u0438\u0442\u0442\u044f, \u043c\u0430\u0441\u043e\u0432\u0435 \u043f\u043e\u0448\u0438\u0442\u0442\u044f, \u041b\u044c\u0432\u0456\u0432, \u041a\u0438\u0457\u0432, \u0423\u043a\u0440\u0430\u0457\u043d\u0430\",\"isPartOf\":{\"@id\":\"https:\/\/rose.net.ua\/#website\"},\"datePublished\":\"2014-04-26T14:44:47+00:00\",\"dateModified\":\"2021-10-29T03:04:04+00:00\",\"breadcrumb\":{\"@id\":\"https:\/\/rose.net.ua\/show-room\/caps-and-tshirt\/#breadcrumb\"},\"inLanguage\":\"en-US\",\"potentialAction\":[{\"@type\":\"ReadAction\",\"target\":[\"https:\/\/rose.net.ua\/show-room\/caps-and-tshirt\/\"]}]},{\"@type\":\"BreadcrumbList\",\"@id\":\"https:\/\/rose.net.ua\/show-room\/caps-and-tshirt\/#breadcrumb\",\"itemListElement\":[{\"@type\":\"ListItem\",\"position\":1,\"name\":\"\u0413\u043e\u043b\u043e\u0432\u043d\u0430 \u0421\u0442\u043e\u0440\u0456\u043d\u043a\u0430\",\"item\":\"https:\/\/rose.net.ua\/\"},{\"@type\":\"ListItem\",\"position\":2,\"name\":\"\u0428\u043e\u0443-\u0440\u0443\u043c\",\"item\":\"https:\/\/rose.net.ua\/show-room\/\"},{\"@type\":\"ListItem\",\"position\":3,\"name\":\"\u041a\u0435\u043f\u043a\u0438 \u0442\u0430 \u0424\u0443\u0442\u0431\u043e\u043b\u043a\u0438\"}]},{\"@type\":\"WebSite\",\"@id\":\"https:\/\/rose.net.ua\/#website\",\"url\":\"https:\/\/rose.net.ua\/\",\"name\":\"\u0422\u041e\u0412 \u0420\u041e\u0421\u0415 - \u0441\u043f\u0435\u0446\u043e\u0434\u044f\u0433 \u041b\u044c\u0432\u0456\u0432 , \u043f\u043e\u0448\u0438\u0442\u0442\u044f \u0441\u043f\u0435\u0446\u043e\u0434\u044f\u0433\u0443 \u0443 \u041b\u044c\u0432\u043e\u0432\u0456, \u0432\u0438\u0440\u043e\u0431\u043d\u0438\u0446\u0442\u0432\u043e \u0441\u043f\u0435\u0446\u043e\u0434\u044f\u0433\u0443, \u0440\u043e\u0431\u043e\u0447\u0438\u0439 \u0441\u043f\u0435\u0446\u043e\u0434\u044f\u0433,\u0443\u043d\u0456\u0444\u043e\u0440\u043c\u0430,\u043c\u0435\u0434\u0438\u0447\u043d\u0438\u0439 \u043e\u0434\u044f\u0433, \u043a\u043e\u0441\u0442\u044e\u043c \u0440\u043e\u0431\u043e\u0447\u0438\u0439, \u043a\u0430\u043c\u0443\u0444\u043b\u044f\u0436, \u043f\u043e\u0448\u0438\u0442\u0442\u044f \u0432\u0435\u0440\u0445\u043d\u044c\u043e\u0433\u043e \u043e\u0434\u044f\u0433\u0443, \u0440\u043e\u0437\u0440\u043e\u0431\u043a\u0430 \u043b\u0435\u043a\u0430\u043b, \u0440\u043e\u0437\u0440\u043e\u0431\u043a\u0430 \u0434\u0438\u0437\u0430\u0439\u043d\u0443, \u0431\u0440\u0435\u043d\u0434\u0443\u0432\u0430\u043d\u043d\u044f, \u0456\u043d\u0434\u0438\u0432\u0456\u0434\u0443\u0430\u043b\u044c\u043d\u0435 \u043f\u043e\u0448\u0438\u0442\u0442\u044f, \u043c\u0430\u0441\u043e\u0432\u0435 \u043f\u043e\u0448\u0438\u0442\u0442\u044f, \u041b\u044c\u0432\u0456\u0432, \u041a\u0438\u0457\u0432, \u0423\u043a\u0440\u0430\u0457\u043d\u0430\",\"description\":\"\u0441\u043f\u0435\u0446\u043e\u0434\u044f\u0433 \u041b\u044c\u0432\u0456\u0432 , \u043f\u043e\u0448\u0438\u0442\u0442\u044f \u0441\u043f\u0435\u0446\u043e\u0434\u044f\u0433\u0443 \u0443 \u041b\u044c\u0432\u043e\u0432\u0456, \u0432\u0438\u0440\u043e\u0431\u043d\u0438\u0446\u0442\u0432\u043e \u0441\u043f\u0435\u0446\u043e\u0434\u044f\u0433\u0443, \u0440\u043e\u0431\u043e\u0447\u0438\u0439 \u0441\u043f\u0435\u0446\u043e\u0434\u044f\u0433,\u0443\u043d\u0456\u0444\u043e\u0440\u043c\u0430,\u043c\u0435\u0434\u0438\u0447\u043d\u0438\u0439 \u043e\u0434\u044f\u0433, \u043a\u043e\u0441\u0442\u044e\u043c \u0440\u043e\u0431\u043e\u0447\u0438\u0439, \u043a\u0430\u043c\u0443\u0444\u043b\u044f\u0436, \u043f\u043e\u0448\u0438\u0442\u0442\u044f \u0432\u0435\u0440\u0445\u043d\u044c\u043e\u0433\u043e \u043e\u0434\u044f\u0433\u0443, \u0440\u043e\u0437\u0440\u043e\u0431\u043a\u0430 \u043b\u0435\u043a\u0430\u043b, \u0440\u043e\u0437\u0440\u043e\u0431\u043a\u0430 \u0434\u0438\u0437\u0430\u0439\u043d\u0443, \u0431\u0440\u0435\u043d\u0434\u0443\u0432\u0430\u043d\u043d\u044f, \u0456\u043d\u0434\u0438\u0432\u0456\u0434\u0443\u0430\u043b\u044c\u043d\u0435 \u043f\u043e\u0448\u0438\u0442\u0442\u044f, \u043c\u0430\u0441\u043e\u0432\u0435 \u043f\u043e\u0448\u0438\u0442\u0442\u044f, \u041b\u044c\u0432\u0456\u0432, \u041a\u0438\u0457\u0432, \u0423\u043a\u0440\u0430\u0457\u043d\u0430\",\"publisher\":{\"@id\":\"https:\/\/rose.net.ua\/#organization\"},\"potentialAction\":[{\"@type\":\"SearchAction\",\"target\":{\"@type\":\"EntryPoint\",\"urlTemplate\":\"https:\/\/rose.net.ua\/?s={search_term_string}\"},\"query-input\":{\"@type\":\"PropertyValueSpecification\",\"valueRequired\":true,\"valueName\":\"search_term_string\"}}],\"inLanguage\":\"en-US\"},{\"@type\":\"Organization\",\"@id\":\"https:\/\/rose.net.ua\/#organization\",\"name\":\"ROSSE - \u0420\u041e\u0421\u0421\u0415\",\"url\":\"https:\/\/rose.net.ua\/\",\"logo\":{\"@type\":\"ImageObject\",\"inLanguage\":\"en-US\",\"@id\":\"https:\/\/rose.net.ua\/#\/schema\/logo\/image\/\",\"url\":\"https:\/\/rose.net.ua\/wp-content\/uploads\/2021\/11\/cropped-ROSSE-logo-1024x2271-1.png\",\"contentUrl\":\"https:\/\/rose.net.ua\/wp-content\/uploads\/2021\/11\/cropped-ROSSE-logo-1024x2271-1.png\",\"width\":1024,\"height\":227,\"caption\":\"ROSSE - \u0420\u041e\u0421\u0421\u0415\"},\"image\":{\"@id\":\"https:\/\/rose.net.ua\/#\/schema\/logo\/image\/\"}}]}<\/script>\n<!-- \/ Yoast SEO plugin. -->","yoast_head_json":{"title":"\u041a\u0435\u043f\u043a\u0438 \u0442\u0430 \u0424\u0443\u0442\u0431\u043e\u043b\u043a\u0438 - \u0422\u041e\u0412 &quot;\u0420\u041e\u0421\u0415&quot; - \u0441\u043f\u0435\u0446\u043e\u0434\u044f\u0433 \u041b\u044c\u0432\u0456\u0432 , \u043f\u043e\u0448\u0438\u0442\u0442\u044f \u0441\u043f\u0435\u0446\u043e\u0434\u044f\u0433\u0443 \u0443 \u041b\u044c\u0432\u043e\u0432\u0456, \u0432\u0438\u0440\u043e\u0431\u043d\u0438\u0446\u0442\u0432\u043e \u0441\u043f\u0435\u0446\u043e\u0434\u044f\u0433\u0443, \u0440\u043e\u0431\u043e\u0447\u0438\u0439 \u0441\u043f\u0435\u0446\u043e\u0434\u044f\u0433,\u0443\u043d\u0456\u0444\u043e\u0440\u043c\u0430,\u043c\u0435\u0434\u0438\u0447\u043d\u0438\u0439 \u043e\u0434\u044f\u0433, \u043a\u043e\u0441\u0442\u044e\u043c \u0440\u043e\u0431\u043e\u0447\u0438\u0439, \u043a\u0430\u043c\u0443\u0444\u043b\u044f\u0436, \u043f\u043e\u0448\u0438\u0442\u0442\u044f \u0432\u0435\u0440\u0445\u043d\u044c\u043e\u0433\u043e \u043e\u0434\u044f\u0433\u0443, \u0440\u043e\u0437\u0440\u043e\u0431\u043a\u0430 \u043b\u0435\u043a\u0430\u043b, \u0440\u043e\u0437\u0440\u043e\u0431\u043a\u0430 \u0434\u0438\u0437\u0430\u0439\u043d\u0443, \u0431\u0440\u0435\u043d\u0434\u0443\u0432\u0430\u043d\u043d\u044f, \u0456\u043d\u0434\u0438\u0432\u0456\u0434\u0443\u0430\u043b\u044c\u043d\u0435 \u043f\u043e\u0448\u0438\u0442\u0442\u044f, \u043c\u0430\u0441\u043e\u0432\u0435 \u043f\u043e\u0448\u0438\u0442\u0442\u044f, \u041b\u044c\u0432\u0456\u0432, \u041a\u0438\u0457\u0432, \u0423\u043a\u0440\u0430\u0457\u043d\u0430","robots":{"index":"index","follow":"follow","max-snippet":"max-snippet:-1","max-image-preview":"max-image-preview:large","max-video-preview":"max-video-preview:-1"},"canonical":"https:\/\/rose.net.ua\/show-room\/caps-and-tshirt\/","og_locale":"en_US","og_type":"article","og_title":"\u041a\u0435\u043f\u043a\u0438 \u0442\u0430 \u0424\u0443\u0442\u0431\u043e\u043b\u043a\u0438 - \u0422\u041e\u0412 &quot;\u0420\u041e\u0421\u0415&quot; - \u0441\u043f\u0435\u0446\u043e\u0434\u044f\u0433 \u041b\u044c\u0432\u0456\u0432 , \u043f\u043e\u0448\u0438\u0442\u0442\u044f \u0441\u043f\u0435\u0446\u043e\u0434\u044f\u0433\u0443 \u0443 \u041b\u044c\u0432\u043e\u0432\u0456, \u0432\u0438\u0440\u043e\u0431\u043d\u0438\u0446\u0442\u0432\u043e \u0441\u043f\u0435\u0446\u043e\u0434\u044f\u0433\u0443, \u0440\u043e\u0431\u043e\u0447\u0438\u0439 \u0441\u043f\u0435\u0446\u043e\u0434\u044f\u0433,\u0443\u043d\u0456\u0444\u043e\u0440\u043c\u0430,\u043c\u0435\u0434\u0438\u0447\u043d\u0438\u0439 \u043e\u0434\u044f\u0433, \u043a\u043e\u0441\u0442\u044e\u043c \u0440\u043e\u0431\u043e\u0447\u0438\u0439, \u043a\u0430\u043c\u0443\u0444\u043b\u044f\u0436, \u043f\u043e\u0448\u0438\u0442\u0442\u044f \u0432\u0435\u0440\u0445\u043d\u044c\u043e\u0433\u043e \u043e\u0434\u044f\u0433\u0443, \u0440\u043e\u0437\u0440\u043e\u0431\u043a\u0430 \u043b\u0435\u043a\u0430\u043b, \u0440\u043e\u0437\u0440\u043e\u0431\u043a\u0430 \u0434\u0438\u0437\u0430\u0439\u043d\u0443, \u0431\u0440\u0435\u043d\u0434\u0443\u0432\u0430\u043d\u043d\u044f, \u0456\u043d\u0434\u0438\u0432\u0456\u0434\u0443\u0430\u043b\u044c\u043d\u0435 \u043f\u043e\u0448\u0438\u0442\u0442\u044f, \u043c\u0430\u0441\u043e\u0432\u0435 \u043f\u043e\u0448\u0438\u0442\u0442\u044f, \u041b\u044c\u0432\u0456\u0432, \u041a\u0438\u0457\u0432, \u0423\u043a\u0440\u0430\u0457\u043d\u0430","og_description":"Uporablja se kot preventiva na predelih, da bi v oglasihRead More","og_url":"https:\/\/rose.net.ua\/show-room\/caps-and-tshirt\/","og_site_name":"\u0422\u041e\u0412 &quot;\u0420\u041e\u0421\u0415&quot; - \u0441\u043f\u0435\u0446\u043e\u0434\u044f\u0433 \u041b\u044c\u0432\u0456\u0432 , \u043f\u043e\u0448\u0438\u0442\u0442\u044f \u0441\u043f\u0435\u0446\u043e\u0434\u044f\u0433\u0443 \u0443 \u041b\u044c\u0432\u043e\u0432\u0456, \u0432\u0438\u0440\u043e\u0431\u043d\u0438\u0446\u0442\u0432\u043e \u0441\u043f\u0435\u0446\u043e\u0434\u044f\u0433\u0443, \u0440\u043e\u0431\u043e\u0447\u0438\u0439 \u0441\u043f\u0435\u0446\u043e\u0434\u044f\u0433,\u0443\u043d\u0456\u0444\u043e\u0440\u043c\u0430,\u043c\u0435\u0434\u0438\u0447\u043d\u0438\u0439 \u043e\u0434\u044f\u0433, \u043a\u043e\u0441\u0442\u044e\u043c \u0440\u043e\u0431\u043e\u0447\u0438\u0439, \u043a\u0430\u043c\u0443\u0444\u043b\u044f\u0436, \u043f\u043e\u0448\u0438\u0442\u0442\u044f \u0432\u0435\u0440\u0445\u043d\u044c\u043e\u0433\u043e \u043e\u0434\u044f\u0433\u0443, \u0440\u043e\u0437\u0440\u043e\u0431\u043a\u0430 \u043b\u0435\u043a\u0430\u043b, \u0440\u043e\u0437\u0440\u043e\u0431\u043a\u0430 \u0434\u0438\u0437\u0430\u0439\u043d\u0443, \u0431\u0440\u0435\u043d\u0434\u0443\u0432\u0430\u043d\u043d\u044f, \u0456\u043d\u0434\u0438\u0432\u0456\u0434\u0443\u0430\u043b\u044c\u043d\u0435 \u043f\u043e\u0448\u0438\u0442\u0442\u044f, \u043c\u0430\u0441\u043e\u0432\u0435 \u043f\u043e\u0448\u0438\u0442\u0442\u044f, \u041b\u044c\u0432\u0456\u0432, \u041a\u0438\u0457\u0432, \u0423\u043a\u0440\u0430\u0457\u043d\u0430","article_modified_time":"2021-10-29T03:04:04+00:00","twitter_card":"summary_large_image","schema":{"@context":"https:\/\/schema.org","@graph":[{"@type":"WebPage","@id":"https:\/\/rose.net.ua\/show-room\/caps-and-tshirt\/","url":"https:\/\/rose.net.ua\/show-room\/caps-and-tshirt\/","name":"\u041a\u0435\u043f\u043a\u0438 \u0442\u0430 \u0424\u0443\u0442\u0431\u043e\u043b\u043a\u0438 - \u0422\u041e\u0412 &quot;\u0420\u041e\u0421\u0415&quot; - \u0441\u043f\u0435\u0446\u043e\u0434\u044f\u0433 \u041b\u044c\u0432\u0456\u0432 , \u043f\u043e\u0448\u0438\u0442\u0442\u044f \u0441\u043f\u0435\u0446\u043e\u0434\u044f\u0433\u0443 \u0443 \u041b\u044c\u0432\u043e\u0432\u0456, \u0432\u0438\u0440\u043e\u0431\u043d\u0438\u0446\u0442\u0432\u043e \u0441\u043f\u0435\u0446\u043e\u0434\u044f\u0433\u0443, \u0440\u043e\u0431\u043e\u0447\u0438\u0439 \u0441\u043f\u0435\u0446\u043e\u0434\u044f\u0433,\u0443\u043d\u0456\u0444\u043e\u0440\u043c\u0430,\u043c\u0435\u0434\u0438\u0447\u043d\u0438\u0439 \u043e\u0434\u044f\u0433, \u043a\u043e\u0441\u0442\u044e\u043c \u0440\u043e\u0431\u043e\u0447\u0438\u0439, \u043a\u0430\u043c\u0443\u0444\u043b\u044f\u0436, \u043f\u043e\u0448\u0438\u0442\u0442\u044f \u0432\u0435\u0440\u0445\u043d\u044c\u043e\u0433\u043e \u043e\u0434\u044f\u0433\u0443, \u0440\u043e\u0437\u0440\u043e\u0431\u043a\u0430 \u043b\u0435\u043a\u0430\u043b, \u0440\u043e\u0437\u0440\u043e\u0431\u043a\u0430 \u0434\u0438\u0437\u0430\u0439\u043d\u0443, \u0431\u0440\u0435\u043d\u0434\u0443\u0432\u0430\u043d\u043d\u044f, \u0456\u043d\u0434\u0438\u0432\u0456\u0434\u0443\u0430\u043b\u044c\u043d\u0435 \u043f\u043e\u0448\u0438\u0442\u0442\u044f, \u043c\u0430\u0441\u043e\u0432\u0435 \u043f\u043e\u0448\u0438\u0442\u0442\u044f, \u041b\u044c\u0432\u0456\u0432, \u041a\u0438\u0457\u0432, \u0423\u043a\u0440\u0430\u0457\u043d\u0430","isPartOf":{"@id":"https:\/\/rose.net.ua\/#website"},"datePublished":"2014-04-26T14:44:47+00:00","dateModified":"2021-10-29T03:04:04+00:00","breadcrumb":{"@id":"https:\/\/rose.net.ua\/show-room\/caps-and-tshirt\/#breadcrumb"},"inLanguage":"en-US","potentialAction":[{"@type":"ReadAction","target":["https:\/\/rose.net.ua\/show-room\/caps-and-tshirt\/"]}]},{"@type":"BreadcrumbList","@id":"https:\/\/rose.net.ua\/show-room\/caps-and-tshirt\/#breadcrumb","itemListElement":[{"@type":"ListItem","position":1,"name":"\u0413\u043e\u043b\u043e\u0432\u043d\u0430 \u0421\u0442\u043e\u0440\u0456\u043d\u043a\u0430","item":"https:\/\/rose.net.ua\/"},{"@type":"ListItem","position":2,"name":"\u0428\u043e\u0443-\u0440\u0443\u043c","item":"https:\/\/rose.net.ua\/show-room\/"},{"@type":"ListItem","position":3,"name":"\u041a\u0435\u043f\u043a\u0438 \u0442\u0430 \u0424\u0443\u0442\u0431\u043e\u043b\u043a\u0438"}]},{"@type":"WebSite","@id":"https:\/\/rose.net.ua\/#website","url":"https:\/\/rose.net.ua\/","name":"\u0422\u041e\u0412 \u0420\u041e\u0421\u0415 - \u0441\u043f\u0435\u0446\u043e\u0434\u044f\u0433 \u041b\u044c\u0432\u0456\u0432 , \u043f\u043e\u0448\u0438\u0442\u0442\u044f \u0441\u043f\u0435\u0446\u043e\u0434\u044f\u0433\u0443 \u0443 \u041b\u044c\u0432\u043e\u0432\u0456, \u0432\u0438\u0440\u043e\u0431\u043d\u0438\u0446\u0442\u0432\u043e \u0441\u043f\u0435\u0446\u043e\u0434\u044f\u0433\u0443, \u0440\u043e\u0431\u043e\u0447\u0438\u0439 \u0441\u043f\u0435\u0446\u043e\u0434\u044f\u0433,\u0443\u043d\u0456\u0444\u043e\u0440\u043c\u0430,\u043c\u0435\u0434\u0438\u0447\u043d\u0438\u0439 \u043e\u0434\u044f\u0433, \u043a\u043e\u0441\u0442\u044e\u043c \u0440\u043e\u0431\u043e\u0447\u0438\u0439, \u043a\u0430\u043c\u0443\u0444\u043b\u044f\u0436, \u043f\u043e\u0448\u0438\u0442\u0442\u044f \u0432\u0435\u0440\u0445\u043d\u044c\u043e\u0433\u043e \u043e\u0434\u044f\u0433\u0443, \u0440\u043e\u0437\u0440\u043e\u0431\u043a\u0430 \u043b\u0435\u043a\u0430\u043b, \u0440\u043e\u0437\u0440\u043e\u0431\u043a\u0430 \u0434\u0438\u0437\u0430\u0439\u043d\u0443, \u0431\u0440\u0435\u043d\u0434\u0443\u0432\u0430\u043d\u043d\u044f, \u0456\u043d\u0434\u0438\u0432\u0456\u0434\u0443\u0430\u043b\u044c\u043d\u0435 \u043f\u043e\u0448\u0438\u0442\u0442\u044f, \u043c\u0430\u0441\u043e\u0432\u0435 \u043f\u043e\u0448\u0438\u0442\u0442\u044f, \u041b\u044c\u0432\u0456\u0432, \u041a\u0438\u0457\u0432, \u0423\u043a\u0440\u0430\u0457\u043d\u0430","description":"\u0441\u043f\u0435\u0446\u043e\u0434\u044f\u0433 \u041b\u044c\u0432\u0456\u0432 , \u043f\u043e\u0448\u0438\u0442\u0442\u044f \u0441\u043f\u0435\u0446\u043e\u0434\u044f\u0433\u0443 \u0443 \u041b\u044c\u0432\u043e\u0432\u0456, \u0432\u0438\u0440\u043e\u0431\u043d\u0438\u0446\u0442\u0432\u043e \u0441\u043f\u0435\u0446\u043e\u0434\u044f\u0433\u0443, \u0440\u043e\u0431\u043e\u0447\u0438\u0439 \u0441\u043f\u0435\u0446\u043e\u0434\u044f\u0433,\u0443\u043d\u0456\u0444\u043e\u0440\u043c\u0430,\u043c\u0435\u0434\u0438\u0447\u043d\u0438\u0439 \u043e\u0434\u044f\u0433, \u043a\u043e\u0441\u0442\u044e\u043c \u0440\u043e\u0431\u043e\u0447\u0438\u0439, \u043a\u0430\u043c\u0443\u0444\u043b\u044f\u0436, \u043f\u043e\u0448\u0438\u0442\u0442\u044f \u0432\u0435\u0440\u0445\u043d\u044c\u043e\u0433\u043e \u043e\u0434\u044f\u0433\u0443, \u0440\u043e\u0437\u0440\u043e\u0431\u043a\u0430 \u043b\u0435\u043a\u0430\u043b, \u0440\u043e\u0437\u0440\u043e\u0431\u043a\u0430 \u0434\u0438\u0437\u0430\u0439\u043d\u0443, \u0431\u0440\u0435\u043d\u0434\u0443\u0432\u0430\u043d\u043d\u044f, \u0456\u043d\u0434\u0438\u0432\u0456\u0434\u0443\u0430\u043b\u044c\u043d\u0435 \u043f\u043e\u0448\u0438\u0442\u0442\u044f, \u043c\u0430\u0441\u043e\u0432\u0435 \u043f\u043e\u0448\u0438\u0442\u0442\u044f, \u041b\u044c\u0432\u0456\u0432, \u041a\u0438\u0457\u0432, \u0423\u043a\u0440\u0430\u0457\u043d\u0430","publisher":{"@id":"https:\/\/rose.net.ua\/#organization"},"potentialAction":[{"@type":"SearchAction","target":{"@type":"EntryPoint","urlTemplate":"https:\/\/rose.net.ua\/?s={search_term_string}"},"query-input":{"@type":"PropertyValueSpecification","valueRequired":true,"valueName":"search_term_string"}}],"inLanguage":"en-US"},{"@type":"Organization","@id":"https:\/\/rose.net.ua\/#organization","name":"ROSSE - \u0420\u041e\u0421\u0421\u0415","url":"https:\/\/rose.net.ua\/","logo":{"@type":"ImageObject","inLanguage":"en-US","@id":"https:\/\/rose.net.ua\/#\/schema\/logo\/image\/","url":"https:\/\/rose.net.ua\/wp-content\/uploads\/2021\/11\/cropped-ROSSE-logo-1024x2271-1.png","contentUrl":"https:\/\/rose.net.ua\/wp-content\/uploads\/2021\/11\/cropped-ROSSE-logo-1024x2271-1.png","width":1024,"height":227,"caption":"ROSSE - \u0420\u041e\u0421\u0421\u0415"},"image":{"@id":"https:\/\/rose.net.ua\/#\/schema\/logo\/image\/"}}]}},"_links":{"self":[{"href":"https:\/\/rose.net.ua\/en\/wp-json\/wp\/v2\/pages\/571","targetHints":{"allow":["GET"]}}],"collection":[{"href":"https:\/\/rose.net.ua\/en\/wp-json\/wp\/v2\/pages"}],"about":[{"href":"https:\/\/rose.net.ua\/en\/wp-json\/wp\/v2\/types\/page"}],"author":[{"embeddable":true,"href":"https:\/\/rose.net.ua\/en\/wp-json\/wp\/v2\/users\/1"}],"replies":[{"embeddable":true,"href":"https:\/\/rose.net.ua\/en\/wp-json\/wp\/v2\/comments?post=571"}],"version-history":[{"count":2,"href":"https:\/\/rose.net.ua\/en\/wp-json\/wp\/v2\/pages\/571\/revisions"}],"predecessor-version":[{"id":2089,"href":"https:\/\/rose.net.ua\/en\/wp-json\/wp\/v2\/pages\/571\/revisions\/2089"}],"up":[{"embeddable":true,"href":"https:\/\/rose.net.ua\/en\/wp-json\/wp\/v2\/pages\/520"}],"wp:attachment":[{"href":"https:\/\/rose.net.ua\/en\/wp-json\/wp\/v2\/media?parent=571"}],"curies":[{"name":"wp","href":"https:\/\/api.w.org\/{rel}","templated":true}]}}